{"id":2,"date":"2023-05-06T21:08:39","date_gmt":"2023-05-06T21:08:39","guid":{"rendered":"https:\/\/ssrd.hr\/?page_id=2"},"modified":"2026-01-20T10:36:10","modified_gmt":"2026-01-20T09:36:10","slug":"sample-page","status":"publish","type":"page","link":"https:\/\/ssrd.hr\/index.php\/sample-page\/","title":{"rendered":"\u0160portsko ribolovno dru\u0161tvo &#8220;TSH&#8221; \u010cakovec"},"content":{"rendered":"\n<h2 class=\"wp-block-heading\">\u0160portsko ribolovni klub &#8220;TSH&#8221; \u010cakovec<\/h2>\n\n\n\n<blockquote class=\"wp-block-quote is-layout-flow wp-block-quote-is-layout-flow\"><\/blockquote>\n\n\n\n<blockquote class=\"wp-block-quote is-layout-flow wp-block-quote-is-layout-flow\"><\/blockquote>\n\n\n","protected":false},"excerpt":{"rendered":"<p>\u0160portsko ribolovni klub &#8220;TSH&#8221; \u010cakovec<\/p>\n","protected":false},"author":1,"featured_media":1401,"parent":0,"menu_order":0,"comment_status":"closed","ping_status":"open","template":"","meta":{"saved_in_kubio":true,"footnotes":""},"class_list":["post-2","page","type-page","status-publish","has-post-thumbnail","hentry"],"kubio_ai_page_context":{"short_desc":"","purpose":"general"},"_links":{"self":[{"href":"https:\/\/ssrd.hr\/index.php\/wp-json\/wp\/v2\/pages\/2","targetHints":{"allow":["GET"]}}],"collection":[{"href":"https:\/\/ssrd.hr\/index.php\/wp-json\/wp\/v2\/pages"}],"about":[{"href":"https:\/\/ssrd.hr\/index.php\/wp-json\/wp\/v2\/types\/page"}],"author":[{"embeddable":true,"href":"https:\/\/ssrd.hr\/index.php\/wp-json\/wp\/v2\/users\/1"}],"replies":[{"embeddable":true,"href":"https:\/\/ssrd.hr\/index.php\/wp-json\/wp\/v2\/comments?post=2"}],"version-history":[{"count":5,"href":"https:\/\/ssrd.hr\/index.php\/wp-json\/wp\/v2\/pages\/2\/revisions"}],"predecessor-version":[{"id":1619,"href":"https:\/\/ssrd.hr\/index.php\/wp-json\/wp\/v2\/pages\/2\/revisions\/1619"}],"wp:featuredmedia":[{"embeddable":true,"href":"https:\/\/ssrd.hr\/index.php\/wp-json\/wp\/v2\/media\/1401"}],"wp:attachment":[{"href":"https:\/\/ssrd.hr\/index.php\/wp-json\/wp\/v2\/media?parent=2"}],"curies":[{"name":"wp","href":"https:\/\/api.w.org\/{rel}","templated":true}]}}