{"id":711,"date":"2024-01-01T16:16:52","date_gmt":"2024-01-01T16:16:52","guid":{"rendered":"https:\/\/ssrd.hr\/?page_id=711"},"modified":"2026-01-19T17:16:15","modified_gmt":"2026-01-19T16:16:15","slug":"sportsko-ribolovno-drustvo-crnec-donji-hrascan","status":"publish","type":"page","link":"https:\/\/ssrd.hr\/index.php\/ribolovna-mjesta\/sportsko-ribolovno-drustvo-crnec-donji-hrascan\/","title":{"rendered":"Sportsko ribolovno dru\u0161tvo &#8220;\u010crnec&#8221; Donji Hra\u0161\u0107an"},"content":{"rendered":"\n\n","protected":false},"excerpt":{"rendered":"","protected":false},"author":1,"featured_media":0,"parent":323,"menu_order":0,"comment_status":"closed","ping_status":"closed","template":"full-width","meta":{"saved_in_kubio":true,"footnotes":""},"class_list":["post-711","page","type-page","status-publish","hentry"],"kubio_ai_page_context":{"short_desc":"","purpose":"general"},"_links":{"self":[{"href":"https:\/\/ssrd.hr\/index.php\/wp-json\/wp\/v2\/pages\/711","targetHints":{"allow":["GET"]}}],"collection":[{"href":"https:\/\/ssrd.hr\/index.php\/wp-json\/wp\/v2\/pages"}],"about":[{"href":"https:\/\/ssrd.hr\/index.php\/wp-json\/wp\/v2\/types\/page"}],"author":[{"embeddable":true,"href":"https:\/\/ssrd.hr\/index.php\/wp-json\/wp\/v2\/users\/1"}],"replies":[{"embeddable":true,"href":"https:\/\/ssrd.hr\/index.php\/wp-json\/wp\/v2\/comments?post=711"}],"version-history":[{"count":8,"href":"https:\/\/ssrd.hr\/index.php\/wp-json\/wp\/v2\/pages\/711\/revisions"}],"predecessor-version":[{"id":1590,"href":"https:\/\/ssrd.hr\/index.php\/wp-json\/wp\/v2\/pages\/711\/revisions\/1590"}],"up":[{"embeddable":true,"href":"https:\/\/ssrd.hr\/index.php\/wp-json\/wp\/v2\/pages\/323"}],"wp:attachment":[{"href":"https:\/\/ssrd.hr\/index.php\/wp-json\/wp\/v2\/media?parent=711"}],"curies":[{"name":"wp","href":"https:\/\/api.w.org\/{rel}","templated":true}]}}