{"id":805,"date":"2024-01-01T17:15:57","date_gmt":"2024-01-01T17:15:57","guid":{"rendered":"https:\/\/ssrd.hr\/?page_id=805"},"modified":"2026-02-12T09:47:44","modified_gmt":"2026-02-12T08:47:44","slug":"sportsko-ribolovno-drustvo-smud-draskovec","status":"publish","type":"page","link":"https:\/\/ssrd.hr\/index.php\/sportsko-ribolovno-drustvo-smud-draskovec\/","title":{"rendered":"Sportsko ribolovno dru\u0161tvo &#8220;Smu\u0111&#8221; Dra\u0161kovec"},"content":{"rendered":"\n\n","protected":false},"excerpt":{"rendered":"","protected":false},"author":1,"featured_media":0,"parent":0,"menu_order":0,"comment_status":"closed","ping_status":"closed","template":"full-width","meta":{"saved_in_kubio":true,"footnotes":""},"class_list":["post-805","page","type-page","status-publish","hentry"],"kubio_ai_page_context":{"short_desc":"","purpose":"general"},"_links":{"self":[{"href":"https:\/\/ssrd.hr\/index.php\/wp-json\/wp\/v2\/pages\/805","targetHints":{"allow":["GET"]}}],"collection":[{"href":"https:\/\/ssrd.hr\/index.php\/wp-json\/wp\/v2\/pages"}],"about":[{"href":"https:\/\/ssrd.hr\/index.php\/wp-json\/wp\/v2\/types\/page"}],"author":[{"embeddable":true,"href":"https:\/\/ssrd.hr\/index.php\/wp-json\/wp\/v2\/users\/1"}],"replies":[{"embeddable":true,"href":"https:\/\/ssrd.hr\/index.php\/wp-json\/wp\/v2\/comments?post=805"}],"version-history":[{"count":7,"href":"https:\/\/ssrd.hr\/index.php\/wp-json\/wp\/v2\/pages\/805\/revisions"}],"predecessor-version":[{"id":1640,"href":"https:\/\/ssrd.hr\/index.php\/wp-json\/wp\/v2\/pages\/805\/revisions\/1640"}],"wp:attachment":[{"href":"https:\/\/ssrd.hr\/index.php\/wp-json\/wp\/v2\/media?parent=805"}],"curies":[{"name":"wp","href":"https:\/\/api.w.org\/{rel}","templated":true}]}}